{"id":109,"date":"2013-08-11T19:06:15","date_gmt":"2013-08-11T19:06:15","guid":{"rendered":"http:\/\/localhost:8888\/test\/?page_id=520"},"modified":"2022-02-09T23:55:31","modified_gmt":"2022-02-09T23:55:31","slug":"about","status":"publish","type":"page","link":"https:\/\/hittingscience.com\/venezuela\/elements\/pages\/about\/","title":{"rendered":"About"},"content":{"rendered":"\n\n  <div class=\"banner has-hover has-parallax\" id=\"banner-1702219695\">\n          <div class=\"banner-inner fill\">\n        <div class=\"banner-bg fill\" data-parallax=\"-3\" data-parallax-container=\".banner\" data-parallax-background>\n            <img loading=\"lazy\" decoding=\"async\" width=\"1020\" height=\"680\" src=\"https:\/\/hittingscience.com\/venezuela\/wp-content\/uploads\/sites\/6\/2021\/01\/home1.jpeg\" class=\"bg attachment-large size-large\" alt=\"\" \/>                        <div class=\"overlay\"><\/div>            \n                    <\/div>\n\t\t\n        <div class=\"banner-layers container\">\n            <div class=\"fill banner-link\"><\/div>            \n\n   <div id=\"text-box-270545348\" class=\"text-box banner-layer x50 md-x50 lg-x50 y80 md-y80 lg-y80 res-text\">\n                                <div class=\"text-box-content text dark\">\n              \n              <div class=\"text-inner text-center\">\n                  \n\n<h1 class=\"lead\">Acerca de<\/h1>\n<p class=\"lead\">Nuestra Vision es de desarrollar atletas de alta competenca que dominen el juego de beisbol.<\/p>\n\n              <\/div>\n           <\/div>\n                            \n<style>\n#text-box-270545348 {\n  width: 60%;\n}\n#text-box-270545348 .text-box-content {\n  font-size: 100%;\n}\n<\/style>\n    <\/div>\n \n\n        <\/div>\n      <\/div>\n\n            \n<style>\n#banner-1702219695 {\n  padding-top: 507px;\n}\n#banner-1702219695 .overlay {\n  background-color: rgba(0, 0, 0, 0.49);\n}\n<\/style>\n  <\/div>\n\n\n<div class=\"row\"  id=\"row-956919838\">\n\n\n\t<div id=\"col-308728629\" class=\"col small-12 large-12\"  >\n\t\t\t\t<div class=\"col-inner\"  >\n\t\t\t\n\t\t\t\n\n<p class=\"lead text-center\">Somos un Grupo de Venezolanos profesionales con la vision de preparar a jovenes aspirantes a jugar beisbol profesional. Nuestra meta es formar atletas de alto rendimiendo que dominen el juego de Beisbol. Y al mismo tiempo preparlos en el area educativa proporcinandoles acceso estudios de ingles y otras especialidades academicas como computacion entre otras.<\/p>\n<div class=\"text-center\"><div class=\"is-divider divider clearfix\" ><\/div><\/div>\n\n\n\t\t<\/div>\n\t\t\t\t\t<\/div>\n\n\t\n\n\t<div id=\"col-1595982326\" class=\"col medium-3 small-12 large-3\"  >\n\t\t\t\t<div class=\"col-inner\"  >\n\t\t\t\n\t\t\t\n\n    <div class=\"box has-hover has-hover box-text-bottom\" >\n\n                  <div class=\"box-image \" style=\"width:80%;\">\n           <div class=\"box-image-inner image-cover\" style=\"border-radius:100%;padding-top:100%;\">\n              <img loading=\"lazy\" decoding=\"async\" width=\"1080\" height=\"1004\" src=\"https:\/\/hittingscience.com\/venezuela\/wp-content\/uploads\/sites\/6\/2022\/01\/172651048_756254868589811_1385668950740400294_n-e1642995141953.jpg\" class=\"attachment- size-\" alt=\"\" srcset=\"https:\/\/hittingscience.com\/venezuela\/wp-content\/uploads\/sites\/6\/2022\/01\/172651048_756254868589811_1385668950740400294_n-e1642995141953.jpg 1080w, https:\/\/hittingscience.com\/venezuela\/wp-content\/uploads\/sites\/6\/2022\/01\/172651048_756254868589811_1385668950740400294_n-e1642995141953-430x400.jpg 430w, https:\/\/hittingscience.com\/venezuela\/wp-content\/uploads\/sites\/6\/2022\/01\/172651048_756254868589811_1385668950740400294_n-e1642995141953-861x800.jpg 861w, https:\/\/hittingscience.com\/venezuela\/wp-content\/uploads\/sites\/6\/2022\/01\/172651048_756254868589811_1385668950740400294_n-e1642995141953-768x714.jpg 768w, https:\/\/hittingscience.com\/venezuela\/wp-content\/uploads\/sites\/6\/2022\/01\/172651048_756254868589811_1385668950740400294_n-e1642995141953-510x474.jpg 510w, https:\/\/hittingscience.com\/venezuela\/wp-content\/uploads\/sites\/6\/2022\/01\/172651048_756254868589811_1385668950740400294_n-e1642995141953-150x139.jpg 150w\" sizes=\"auto, (max-width: 1080px) 100vw, 1080px\" \/>                         <\/div>\n          <\/div>\n         \n          <div class=\"box-text text-center\" >\n                <div class=\"box-text-inner\">\n                  <h4 class=\"uppercase\">\n                    <span class=\"person-name\">Rolando Blanco<\/span><br\/>\n                    <span class=\"person-title is-small thin-font op-7\">\n                      Head Hitting Coach Program \/ Scout                    <\/span>\n                  <\/h4>\n\t\t\t\t\t\n\n<p>Ronaldo Blanco with more than 20 years of experience teaching the art of hitting. He signed contract with Philadelphia Phillies , In venezuela he play professional ball league with Pastora de Oriente also PLayed In italy and Spain.<\/p>\n\n                <\/div>\n          <\/div>\n    <\/div>\n\n\t\n    \n\n\t\t<\/div>\n\t\t\t\t\t<\/div>\n\n\t\n\n\t<div id=\"col-1642561025\" class=\"col medium-3 small-12 large-3\"  >\n\t\t\t\t<div class=\"col-inner\"  >\n\t\t\t\n\t\t\t\n\n    <div class=\"box has-hover has-hover box-text-bottom\" >\n\n                  <div class=\"box-image \" style=\"width:80%;\">\n           <div class=\"box-image-inner image-cover\" style=\"border-radius:100%;padding-top:100%;\">\n              <img loading=\"lazy\" decoding=\"async\" width=\"400\" height=\"260\" src=\"https:\/\/hittingscience.com\/venezuela\/wp-content\/uploads\/sites\/6\/2016\/08\/dummy-1.jpg\" class=\"attachment- size-\" alt=\"\" srcset=\"https:\/\/hittingscience.com\/venezuela\/wp-content\/uploads\/sites\/6\/2016\/08\/dummy-1.jpg 400w, https:\/\/hittingscience.com\/venezuela\/wp-content\/uploads\/sites\/6\/2016\/08\/dummy-1-300x195.jpg 300w\" sizes=\"auto, (max-width: 400px) 100vw, 400px\" \/>                         <\/div>\n          <\/div>\n         \n          <div class=\"box-text text-center\" >\n                <div class=\"box-text-inner\">\n                  <h4 class=\"uppercase\">\n                    <span class=\"person-name\">Morris Guia<\/span><br\/>\n                    <span class=\"person-title is-small thin-font op-7\">\n                      Scout Director \/ Lead Coach                    <\/span>\n                  <\/h4>\n\t\t\t\t\t\n\n<p>Profesor de educaci\u00f3n f\u00edsica, Scout Certificado.<\/p>\n\n                <\/div>\n          <\/div>\n    <\/div>\n\n\t\n    \n\n\t\t<\/div>\n\t\t\t\t\t<\/div>\n\n\t\n\n\t<div id=\"col-1718860846\" class=\"col medium-3 small-12 large-3\"  >\n\t\t\t\t<div class=\"col-inner\"  >\n\t\t\t\n\t\t\t\n\n    <div class=\"box has-hover has-hover box-text-bottom\" >\n\n                  <div class=\"box-image \" style=\"width:80%;\">\n           <div class=\"box-image-inner image-cover\" style=\"border-radius:100%;padding-top:100%;\">\n              <img loading=\"lazy\" decoding=\"async\" width=\"400\" height=\"260\" src=\"https:\/\/hittingscience.com\/venezuela\/wp-content\/uploads\/sites\/6\/2016\/08\/dummy-1.jpg\" class=\"attachment- size-\" alt=\"\" srcset=\"https:\/\/hittingscience.com\/venezuela\/wp-content\/uploads\/sites\/6\/2016\/08\/dummy-1.jpg 400w, https:\/\/hittingscience.com\/venezuela\/wp-content\/uploads\/sites\/6\/2016\/08\/dummy-1-300x195.jpg 300w\" sizes=\"auto, (max-width: 400px) 100vw, 400px\" \/>                         <\/div>\n          <\/div>\n         \n          <div class=\"box-text text-center\" >\n                <div class=\"box-text-inner\">\n                  <h4 class=\"uppercase\">\n                    <span class=\"person-name\">Elvis Ramirez<\/span><br\/>\n                    <span class=\"person-title is-small thin-font op-7\">\n                      Trainer                    <\/span>\n                  <\/h4>\n\t\t\t\t\t\n\n<p>Profesor de educaci\u00f3n f\u00edsica, Magister en administraci\u00f3n deportiva, Doctor en Ciencias de la Actividad F\u00edsica y del Deporte, Coordinador del Doctorado UPEL, Entrenador de Gimnasia, promotor deportivo escolar.<\/p>\n\n                <\/div>\n          <\/div>\n    <\/div>\n\n\t\n    \n\n\t\t<\/div>\n\t\t\t\t\t<\/div>\n\n\t\n\n\t<div id=\"col-946404333\" class=\"col medium-3 small-12 large-3\"  >\n\t\t\t\t<div class=\"col-inner\"  >\n\t\t\t\n\t\t\t\n\n    <div class=\"box has-hover has-hover box-text-bottom\" >\n\n                  <div class=\"box-image \" style=\"width:80%;\">\n           <div class=\"box-image-inner image-cover\" style=\"border-radius:100%;padding-top:100%;\">\n              <img loading=\"lazy\" decoding=\"async\" width=\"607\" height=\"683\" src=\"https:\/\/hittingscience.com\/venezuela\/wp-content\/uploads\/sites\/6\/2022\/01\/sammy-e1643065677330.jpeg\" class=\"attachment- size-\" alt=\"\" srcset=\"https:\/\/hittingscience.com\/venezuela\/wp-content\/uploads\/sites\/6\/2022\/01\/sammy-e1643065677330.jpeg 607w, https:\/\/hittingscience.com\/venezuela\/wp-content\/uploads\/sites\/6\/2022\/01\/sammy-e1643065677330-355x400.jpeg 355w, https:\/\/hittingscience.com\/venezuela\/wp-content\/uploads\/sites\/6\/2022\/01\/sammy-e1643065677330-510x574.jpeg 510w, https:\/\/hittingscience.com\/venezuela\/wp-content\/uploads\/sites\/6\/2022\/01\/sammy-e1643065677330-150x169.jpeg 150w\" sizes=\"auto, (max-width: 607px) 100vw, 607px\" \/>                         <\/div>\n          <\/div>\n         \n          <div class=\"box-text text-center\" >\n                <div class=\"box-text-inner\">\n                  <h4 class=\"uppercase\">\n                    <span class=\"person-name\">Samuel Serrano<\/span><br\/>\n                    <span class=\"person-title is-small thin-font op-7\">\n                      Coach Merida                    <\/span>\n                  <\/h4>\n\t\t\t\t\t\n\n<p>Coach Jefe en la cuidad de merida.<\/p>\n\n                <\/div>\n          <\/div>\n    <\/div>\n\n\t\n    \n\n\t\t<\/div>\n\t\t\t\t\t<\/div>\n\n\t\n\n<\/div>\n\n","protected":false},"excerpt":{"rendered":"","protected":false},"author":1,"featured_media":31,"parent":66,"menu_order":0,"comment_status":"closed","ping_status":"closed","template":"page-transparent-header-light.php","meta":{"footnotes":""},"class_list":["post-109","page","type-page","status-publish","has-post-thumbnail","hentry"],"_links":{"self":[{"href":"https:\/\/hittingscience.com\/venezuela\/wp-json\/wp\/v2\/pages\/109","targetHints":{"allow":["GET"]}}],"collection":[{"href":"https:\/\/hittingscience.com\/venezuela\/wp-json\/wp\/v2\/pages"}],"about":[{"href":"https:\/\/hittingscience.com\/venezuela\/wp-json\/wp\/v2\/types\/page"}],"author":[{"embeddable":true,"href":"https:\/\/hittingscience.com\/venezuela\/wp-json\/wp\/v2\/users\/1"}],"replies":[{"embeddable":true,"href":"https:\/\/hittingscience.com\/venezuela\/wp-json\/wp\/v2\/comments?post=109"}],"version-history":[{"count":0,"href":"https:\/\/hittingscience.com\/venezuela\/wp-json\/wp\/v2\/pages\/109\/revisions"}],"up":[{"embeddable":true,"href":"https:\/\/hittingscience.com\/venezuela\/wp-json\/wp\/v2\/pages\/66"}],"wp:featuredmedia":[{"embeddable":true,"href":"https:\/\/hittingscience.com\/venezuela\/wp-json\/wp\/v2\/media\/31"}],"wp:attachment":[{"href":"https:\/\/hittingscience.com\/venezuela\/wp-json\/wp\/v2\/media?parent=109"}],"curies":[{"name":"wp","href":"https:\/\/api.w.org\/{rel}","templated":true}]}}